{"id":185,"date":"2021-06-01T05:58:54","date_gmt":"2021-06-01T05:58:54","guid":{"rendered":"http:\/\/ffperitaciones.com\/?page_id=185"},"modified":"2021-06-01T06:23:14","modified_gmt":"2021-06-01T06:23:14","slug":"servicios-2","status":"publish","type":"page","link":"https:\/\/ffperitaciones.com\/index.php\/servicios-2\/","title":{"rendered":"Prestamos hipotecarios"},"content":{"rendered":"<p>[et_pb_section fb_built=\u00bb1&#8243; _builder_version=\u00bb4.7.7&#8243; _module_preset=\u00bbdefault\u00bb background_image=\u00bbhttp:\/\/ffperitaciones.com\/wp-content\/uploads\/2021\/01\/Foto-Servicios.jpg\u00bb custom_padding=\u00bb128px||143px|||\u00bb][et_pb_row _builder_version=\u00bb4.7.7&#8243; _module_preset=\u00bbdefault\u00bb transform_translate=\u00bb-11px|126px\u00bb][et_pb_column type=\u00bb4_4&#8243; _builder_version=\u00bb4.7.4&#8243; _module_preset=\u00bbdefault\u00bb][et_pb_text _builder_version=\u00bb4.7.7&#8243; _module_preset=\u00bbdefault\u00bb header_text_color=\u00bb#ddc000&#8243; header_font_size=\u00bb57px\u00bb background_color=\u00bbrgba(255,255,255,0.61)\u00bb max_width=\u00bb46%\u00bb custom_padding=\u00bb|25px||25px|false|true\u00bb hover_enabled=\u00bb0&#8243; header_text_shadow_style=\u00bbpreset1&#8243; sticky_enabled=\u00bb0&#8243;]<\/p>\n<h1>PRESTAMOS HIPOTECARIOS<\/h1>\n<p>[\/et_pb_text][\/et_pb_column][\/et_pb_row][\/et_pb_section][et_pb_section fb_built=\u00bb1&#8243; _builder_version=\u00bb4.7.4&#8243; _module_preset=\u00bbdefault\u00bb custom_padding=\u00bb20px||13px|||\u00bb][et_pb_row column_structure=\u00bb2_5,3_5&#8243; _builder_version=\u00bb4.7.4&#8243; _module_preset=\u00bbdefault\u00bb][et_pb_column type=\u00bb2_5&#8243; _builder_version=\u00bb4.7.4&#8243; _module_preset=\u00bbdefault\u00bb][et_pb_image src=\u00bbhttp:\/\/ffperitaciones.com\/wp-content\/uploads\/2021\/01\/tasacion-hipotecaria-1.jpg\u00bb title_text=\u00bbtasacion-hipotecaria (1)\u00bb _builder_version=\u00bb4.7.7&#8243; _module_preset=\u00bbdefault\u00bb border_width_all=\u00bb4px\u00bb border_color_all=\u00bb#d6d6d6&#8243; filter_saturate__hover_enabled=\u00bbon|hover\u00bb filter_saturate__hover=\u00bb0%\u00bb border_color_all__hover_enabled=\u00bbon|desktop\u00bb border_color_all__hover=\u00bb#727272&#8243;][\/et_pb_image][\/et_pb_column][et_pb_column type=\u00bb3_5&#8243; _builder_version=\u00bb4.7.4&#8243; _module_preset=\u00bbdefault\u00bb][et_pb_text _builder_version=\u00bb4.7.7&#8243; _module_preset=\u00bbdefault\u00bb hover_enabled=\u00bb0&#8243; sticky_enabled=\u00bb0&#8243;]<\/p>\n<p>Somos una empresa dedicada entre otras cosas a la intermediaci\u00f3n financiera.( Hipotecario y personal). A diferencia de otros, nosotros somos expertos tasadores, \u00f3sea que tasamos y financiamos.\u00a0<\/p>\n<p>Con muchos anos de experiencia y con las titulaciones correspondientes y regladas para la elaboraci\u00f3n de los servicios, ofrecemos un servicio \u00fanico y personalizado buscando siempre la mejor financiaci\u00f3n que mas se adapte a tu perfil<\/p>\n<p>[\/et_pb_text][\/et_pb_column][\/et_pb_row][\/et_pb_section][et_pb_section fb_built=\u00bb1&#8243; _builder_version=\u00bb4.7.7&#8243; _module_preset=\u00bbdefault\u00bb custom_padding=\u00bb9px|||||\u00bb][et_pb_row _builder_version=\u00bb4.7.7&#8243; _module_preset=\u00bbdefault\u00bb][et_pb_column _builder_version=\u00bb4.7.7&#8243; _module_preset=\u00bbdefault\u00bb type=\u00bb4_4&#8243;][et_pb_text _builder_version=\u00bb4.7.7&#8243; _module_preset=\u00bbdefault\u00bb hover_enabled=\u00bb0&#8243; sticky_enabled=\u00bb0&#8243;]<\/p>\n<h1>Aqu\u00ed podr\u00e1s encontrar nuestros tipos de pr\u00e9stamos:<\/h1>\n<p>[\/et_pb_text][\/et_pb_column][\/et_pb_row][et_pb_row _builder_version=\u00bb4.7.7&#8243; _module_preset=\u00bbdefault\u00bb][et_pb_column _builder_version=\u00bb4.7.7&#8243; _module_preset=\u00bbdefault\u00bb type=\u00bb4_4&#8243;][et_pb_text _builder_version=\u00bb4.7.7&#8243; _module_preset=\u00bbdefault\u00bb hover_enabled=\u00bb0&#8243; sticky_enabled=\u00bb0&#8243;]<\/p>\n<h3>Hipoteca 100.<\/h3>\n<p>[\/et_pb_text][et_pb_text _builder_version=\u00bb4.7.7&#8243; _module_preset=\u00bbdefault\u00bb hover_enabled=\u00bb0&#8243; sticky_enabled=\u00bb0&#8243;]<\/p>\n<p><img decoding=\"async\" loading=\"lazy\" src=\"http:\/\/ffperitaciones.com\/wp-content\/uploads\/2021\/06\/100-300x186.png\" width=\"165\" height=\"102\" alt=\"\" class=\"wp-image-191 alignnone size-medium\" style=\"float: left;\" \/>La\u00a0<strong>hipoteca 100<\/strong>\u00a0te ofrece una financiaci\u00f3n del 100% del valor de tu vivienda. Esto significa que \u00fanicamente tendr\u00e1s que aportar los gastos.<br \/> Adem\u00e1s, gracias a que la hipoteca 100 ofrece\u00a0<strong>plazos hasta 40 a\u00f1os<\/strong>, la cuota de tu hipoteca ser\u00e1 realmente baja.<\/p>\n<p>\u00bfQuieres saber m\u00e1s sobre la\u00a0Hipoteca 100?<\/p>\n<p>Podr\u00e1s elegir el tipo de hipoteca que m\u00e1s te convenga:<\/p>\n<ul>\n<li><strong>Hipoteca a tipo fijo.\u00a0<\/strong>Los intereses de tu hipoteca ser\u00e1n estables, sin sorpresas, y gener\u00e1ndote la seguridad que buscabas frente a los pagos. La hipoteca a tipo fijo te dar\u00e1 la tranquilidad, durante la vida de la hipoteca, de que las cuotas ser\u00e1n las mismas.<\/li>\n<li><strong>Hipoteca a tipo variable.<\/strong>\u00a0Con la hipoteca a tipo variable tendr\u00e1s mayor capacidad de ahorro ya que tus cuotas ser\u00e1n m\u00e1s bajas. Si lo que buscas es la cuota hipotecaria m\u00e1s baja, \u00a1\u00e9sta podr\u00eda ser tu opci\u00f3n!<\/li>\n<\/ul>\n<p>La hipoteca 100 te permite despreocuparte de la entrada para la compra. Nosotros te ayudaremos a\u00a0<strong>calcular la cuota de tu hipoteca\u00a0<\/strong>seg\u00fan tus necesidades y conveniencias.<\/p>\n<p>[\/et_pb_text][\/et_pb_column][\/et_pb_row][et_pb_row _builder_version=\u00bb4.7.7&#8243; _module_preset=\u00bbdefault\u00bb][et_pb_column _builder_version=\u00bb4.7.7&#8243; _module_preset=\u00bbdefault\u00bb type=\u00bb4_4&#8243;][et_pb_text _builder_version=\u00bb4.7.7&#8243; _module_preset=\u00bbdefault\u00bb hover_enabled=\u00bb0&#8243; sticky_enabled=\u00bb0&#8243;]<\/p>\n<h3>Hipoteca funcionario. Si eres funcionario est\u00e1s en otra liga.<\/h3>\n<p>[\/et_pb_text][et_pb_text _builder_version=\u00bb4.7.7&#8243; _module_preset=\u00bbdefault\u00bb hover_enabled=\u00bb0&#8243; sticky_enabled=\u00bb0&#8243;]<\/p>\n<p>La hipoteca funcionario es una hipoteca con condiciones premium, para empleados p\u00fablicos.<\/p>\n<p>\u00bfEres funcionario y est\u00e1s pensando en solicitar un pr\u00e9stamo hipotecario? De seguro esta es tu hipoteca.<\/p>\n<p>\u00bfQu\u00e9 ofrece la hipoteca funcionario?<\/p>\n<p>Las caracter\u00edsticas de esta hipoteca empiezan por la m\u00e1xima financiaci\u00f3n posible. \u00bfSabes que significa esto? \u00a1Es una hipoteca con el 100% de la financiaci\u00f3n!<\/p>\n<p>Adem\u00e1s, podr\u00e1s disfrutar del mejor tipo de inter\u00e9s, para que tus cuotas sean lo m\u00e1s bajas posibles.<\/p>\n<p>Dispondr\u00e1s de un plazo de pago de hasta 40 a\u00f1os. As\u00ed, podr\u00e1s dejar de preocuparte por las altas cuotas hipotecarias que no te permiten ahorrar.<\/p>\n<p>Se trata de una de las mejores hipotecas que existe en el mercado, y es exclusiva para ti.<\/p>\n<p>[\/et_pb_text][\/et_pb_column][\/et_pb_row][et_pb_row _builder_version=\u00bb4.7.7&#8243; _module_preset=\u00bbdefault\u00bb][et_pb_column _builder_version=\u00bb4.7.7&#8243; _module_preset=\u00bbdefault\u00bb type=\u00bb4_4&#8243;][et_pb_text _builder_version=\u00bb4.7.7&#8243; _module_preset=\u00bbdefault\u00bb hover_enabled=\u00bb0&#8243; sticky_enabled=\u00bb0&#8243;]<\/p>\n<h3>Hipoteca reformas. Financiaci\u00f3n para reformar tu hogar.<\/h3>\n<p>[\/et_pb_text][et_pb_text _builder_version=\u00bb4.7.7&#8243; _module_preset=\u00bbdefault\u00bb hover_enabled=\u00bb0&#8243; sticky_enabled=\u00bb0&#8243;]<\/p>\n<p><img decoding=\"async\" loading=\"lazy\" src=\"http:\/\/ffperitaciones.com\/wp-content\/uploads\/2021\/06\/reformas-300x200.png\" width=\"198\" height=\"124\" alt=\"\" class=\"wp-image-192 alignnone size-medium\" style=\"float: left; padding-right: 15px;\" \/>La hipoteca reformas te permite financiar tu proyecto c\u00f3modamente.<\/p>\n<p>\u00bfEst\u00e1s pensando en pedir un pr\u00e9stamo para hacer reformas? \u00bfQuieres reformar la cocina, reformar el ba\u00f1o, y necesitas financiaci\u00f3n?<\/p>\n<p>Ventajas de solicitar la hipoteca reformas.<\/p>\n<p>La hipoteca reformas te va a permitir financiar el 100% del importe que requieras para reformar tu hogar.<\/p>\n<p>Esto significa despreocuparte por completo de la inversi\u00f3n inicial, y \u00fanicamente centrarte en lo que ahora importa; tus reformas.<\/p>\n<p>Para que puedas asumir sin problema las cuotas de la financiaci\u00f3n, nos encargaremos de poner a tu disposici\u00f3n la cuota m\u00e1s baja, con el mejor tipo de inter\u00e9s.<\/p>\n<p>De esta manera tendr\u00e1s tu financiaci\u00f3n hecha a medida para que renueves tu hogar sin ning\u00fan problema econ\u00f3mico.<\/p>\n<p>\u00bfQuieres calcular tu cuota hipotecaria?<\/p>\n<p>Contacta con nosotros y cu\u00e9ntanos tu proyecto. En funci\u00f3n de esto, estudiaremos tu caso y calcularemos tu hipoteca bas\u00e1ndonos en tus necesidades.<\/p>\n<p>En menos de 48 horas recibir\u00e1s una respuesta.<\/p>\n<p>Si prefieres contactar con un asesor hipotecario por tel\u00e9fono, puedes llamar gratis al 900 827 215, o bien solicitar que te llamemos desde la p\u00e1gina web.<\/p>\n<p>Tienes la hipoteca reformas a un clic de distancia. Solicitar informaci\u00f3n es gratis, \u00a1una vez la tengas, la decisi\u00f3n es tuya!<\/p>\n<p>[\/et_pb_text][\/et_pb_column][\/et_pb_row][et_pb_row _builder_version=\u00bb4.7.7&#8243; _module_preset=\u00bbdefault\u00bb][et_pb_column _builder_version=\u00bb4.7.7&#8243; _module_preset=\u00bbdefault\u00bb type=\u00bb4_4&#8243;][et_pb_text _builder_version=\u00bb4.7.7&#8243; _module_preset=\u00bbdefault\u00bb hover_enabled=\u00bb0&#8243; sticky_enabled=\u00bb0&#8243;]<\/p>\n<h3>Hipoteca auto promotor. Construye la casa de tus sue\u00f1os.<\/h3>\n<p>[\/et_pb_text][et_pb_text _builder_version=\u00bb4.7.7&#8243; _module_preset=\u00bbdefault\u00bb hover_enabled=\u00bb0&#8243; sticky_enabled=\u00bb0&#8243;]<img decoding=\"async\" loading=\"lazy\" src=\"http:\/\/ffperitaciones.com\/wp-content\/uploads\/2021\/06\/hipotecas-autopromotor-300x201.png\" width=\"193\" height=\"129\" alt=\"\" class=\"wp-image-193 alignnone size-medium\" style=\"float: left; padding-right: 15px;\" \/>La hipoteca auto promotor te da la oportunidad de cumplir el sue\u00f1o de muchas personas: construir tu propia casa.<\/p>\n<p>Entendemos lo importante que es esto para ti, y por ello ponemos a tu alcance el producto m\u00e1s flexible del mercado. Para que puedas cumplir tu sue\u00f1o.<\/p>\n<p>Ventajas de la hipoteca auto promotor.<\/p>\n<p>La ventaja principal de la hipoteca auto promotor es que permite una financiaci\u00f3n de hasta el 100% de los costes de la obra, adem\u00e1s de los gastos inherentes que conlleve.<\/p>\n<p>De esta forma no tendr\u00e1s que preocuparte por hacer una gran inversi\u00f3n inicial, sino que podr\u00e1s empezar tu proyecto y financiarlo en los plazos que te resulten m\u00e1s c\u00f3modos de asumir.<\/p>\n<p>Pero nosotros no nos quedamos solo aqu\u00ed\u2026 La hipoteca auto promotor te ofrece tambi\u00e9n una financiaci\u00f3n del 50% de la compra de tu solar.[\/et_pb_text][\/et_pb_column][\/et_pb_row][et_pb_row _builder_version=\u00bb4.7.7&#8243; _module_preset=\u00bbdefault\u00bb][et_pb_column _builder_version=\u00bb4.7.7&#8243; _module_preset=\u00bbdefault\u00bb type=\u00bb4_4&#8243;][et_pb_text _builder_version=\u00bb4.7.7&#8243; _module_preset=\u00bbdefault\u00bb hover_enabled=\u00bb0&#8243; sticky_enabled=\u00bb0&#8243;]<\/p>\n<h3>Hipoteca no residentes. Comprar una casa en Espa\u00f1a siendo extranjero.<\/h3>\n<p>[\/et_pb_text][et_pb_text _builder_version=\u00bb4.7.7&#8243; _module_preset=\u00bbdefault\u00bb hover_enabled=\u00bb0&#8243; sticky_enabled=\u00bb0&#8243;]<\/p>\n<p><img decoding=\"async\" loading=\"lazy\" src=\"http:\/\/ffperitaciones.com\/wp-content\/uploads\/2021\/06\/hipoteca-no-residentes-300x169.png\" width=\"217\" height=\"114\" alt=\"\" class=\"wp-image-194 alignnone size-medium\" style=\"float: left; padding-right: 15px;\" \/>La hipoteca no residente de Firmax te permite comprar una casa en Espa\u00f1a siendo extranjero.<\/p>\n<p>Adem\u00e1s, te ofrece las mejores condiciones que existen ahora mismo en el mercado espa\u00f1ol, para que puedas cumplir tu objetivo.<\/p>\n<p>Ventajas de la hipoteca no residentes.<\/p>\n<p>Te ponemos a tu disposici\u00f3n la mejor oferta del mercado, y por ello obtendr\u00e1s la mejor financiaci\u00f3n y el mejor tipo de inter\u00e9s.<\/p>\n<p>La hipoteca no residente te ofrece una financiaci\u00f3n de hasta el 75% del valor de compra del inmueble.<\/p>\n<p>Podr\u00e1s pagar esta financiaci\u00f3n en cuotas bajas, y en un plazo de hasta 30 a\u00f1os.<\/p>\n<p>Adem\u00e1s, podr\u00e1s elegir el tipo de hipoteca que mejor te convenga, seg\u00fan tus necesidades y prioridades.<\/p>\n<p>En caso de no tener muy claro c\u00f3mo funcionan los tipos de hipoteca en Espa\u00f1a, te informaremos para que puedas valorarlo. Nuestro asesor hipotecario te explicar\u00e1 las ventajas y desventajas de cada una de ellas (hipoteca a tipo fijo e hipoteca a tipo variable), para que puedas tomar tu propia<\/p>\n<p>[\/et_pb_text][\/et_pb_column][\/et_pb_row][et_pb_row _builder_version=\u00bb4.7.7&#8243; _module_preset=\u00bbdefault\u00bb][et_pb_column _builder_version=\u00bb4.7.7&#8243; _module_preset=\u00bbdefault\u00bb type=\u00bb4_4&#8243;][et_pb_text _builder_version=\u00bb4.7.7&#8243; _module_preset=\u00bbdefault\u00bb hover_enabled=\u00bb0&#8243; sticky_enabled=\u00bb0&#8243;]<\/p>\n<h3>Hipoteca segunda residencia. La llave a una segunda vivienda.<\/h3>\n<p>[\/et_pb_text][et_pb_text _builder_version=\u00bb4.7.7&#8243; _module_preset=\u00bbdefault\u00bb hover_enabled=\u00bb0&#8243; sticky_enabled=\u00bb0&#8243;]<\/p>\n<p>La hipoteca segunda residencia te ayuda a conseguir una segunda vivienda.<\/p>\n<p>[\/et_pb_text][et_pb_text _builder_version=\u00bb4.7.7&#8243; _module_preset=\u00bbdefault\u00bb hover_enabled=\u00bb0&#8243; sticky_enabled=\u00bb0&#8243;]<\/p>\n<h2><em>\u00bfPensabas en la playa?<\/em><\/h2>\n<p>[\/et_pb_text][et_pb_text _builder_version=\u00bb4.7.7&#8243; _module_preset=\u00bbdefault\u00bb hover_enabled=\u00bb0&#8243; sticky_enabled=\u00bb0&#8243;]<\/p>\n<h2><em>\u00bfO tal vez monta\u00f1a?<\/em><\/h2>\n<p>[\/et_pb_text][et_pb_text _builder_version=\u00bb4.7.7&#8243; _module_preset=\u00bbdefault\u00bb hover_enabled=\u00bb0&#8243; sticky_enabled=\u00bb0&#8243;]<\/p>\n<p>No te preocupes, tu pi\u00e9nsalo que nosotros nos encargamos del resto.<\/p>\n<p>Ventajas de la hipoteca segunda residencia.<\/p>\n<p>Te vamos a valorar en todo momento tus necesidades, para ofrecerte el producto que mejor se adapte a ti, y con las mejores condiciones del mercado.<\/p>\n<p>Estudiaremos tu perfil de cliente y, dependiendo de algunos criterios, la hipoteca segunda residencia puede llegar a ofrecerte hasta el 100% de la financiaci\u00f3n.<\/p>\n<p>Esto significa que \u00fanicamente tendr\u00edas que aportar el importe de los gastos.<\/p>\n<p>Para saber con exactitud si podr\u00edamos ofrecerte la financiaci\u00f3n total, contacta con nuestro asesor hipotecario y en menos de 48 horas tendr\u00e1s toda la informaci\u00f3n.<\/p>\n<p>Adem\u00e1s de esto, la hipoteca segunda residencia te ofrece cuotas realmente bajas, y hasta un plazo de 30 a\u00f1os. Tambi\u00e9n podr\u00e1s escoger el tipo de hipoteca que m\u00e1s te convenga seg\u00fan tus preferencias; hipoteca a tipo fijo, o hipoteca a tipo variable.<\/p>\n<p>[\/et_pb_text][\/et_pb_column][\/et_pb_row][et_pb_row _builder_version=\u00bb4.7.7&#8243; _module_preset=\u00bbdefault\u00bb custom_padding=\u00bb5px|||||\u00bb][et_pb_column _builder_version=\u00bb4.7.7&#8243; _module_preset=\u00bbdefault\u00bb type=\u00bb4_4&#8243;][et_pb_image src=\u00bbhttp:\/\/ffperitaciones.com\/wp-content\/uploads\/2021\/06\/imagen_2021-06-01_080833.png\u00bb _builder_version=\u00bb4.7.7&#8243; _module_preset=\u00bbdefault\u00bb title_text=\u00bbimagen_2021-06-01_080833&#8243; hover_enabled=\u00bb0&#8243; sticky_enabled=\u00bb0&#8243; align=\u00bbcenter\u00bb][\/et_pb_image][\/et_pb_column][\/et_pb_row][\/et_pb_section]<\/p>\n","protected":false},"excerpt":{"rendered":"<p>PRESTAMOS HIPOTECARIOS Somos una empresa dedicada entre otras cosas a la intermediaci\u00f3n financiera.( Hipotecario y personal). A diferencia de otros, nosotros somos expertos tasadores, \u00f3sea que tasamos y financiamos.\u00a0 Con muchos anos de experiencia y con las titulaciones correspondientes y regladas para la elaboraci\u00f3n de los servicios, ofrecemos un servicio \u00fanico y personalizado buscando siempre [&hellip;]<\/p>\n","protected":false},"author":1,"featured_media":0,"parent":0,"menu_order":0,"comment_status":"closed","ping_status":"closed","template":"","meta":{"_et_pb_use_builder":"on","_et_pb_old_content":"","_et_gb_content_width":"","footnotes":""},"_links":{"self":[{"href":"https:\/\/ffperitaciones.com\/index.php\/wp-json\/wp\/v2\/pages\/185"}],"collection":[{"href":"https:\/\/ffperitaciones.com\/index.php\/wp-json\/wp\/v2\/pages"}],"about":[{"href":"https:\/\/ffperitaciones.com\/index.php\/wp-json\/wp\/v2\/types\/page"}],"author":[{"embeddable":true,"href":"https:\/\/ffperitaciones.com\/index.php\/wp-json\/wp\/v2\/users\/1"}],"replies":[{"embeddable":true,"href":"https:\/\/ffperitaciones.com\/index.php\/wp-json\/wp\/v2\/comments?post=185"}],"version-history":[{"count":3,"href":"https:\/\/ffperitaciones.com\/index.php\/wp-json\/wp\/v2\/pages\/185\/revisions"}],"predecessor-version":[{"id":197,"href":"https:\/\/ffperitaciones.com\/index.php\/wp-json\/wp\/v2\/pages\/185\/revisions\/197"}],"wp:attachment":[{"href":"https:\/\/ffperitaciones.com\/index.php\/wp-json\/wp\/v2\/media?parent=185"}],"curies":[{"name":"wp","href":"https:\/\/api.w.org\/{rel}","templated":true}]}}