{"id":40,"date":"2020-12-22T18:42:11","date_gmt":"2020-12-22T18:42:11","guid":{"rendered":"http:\/\/ffperitaciones.com\/?page_id=40"},"modified":"2021-01-20T16:16:53","modified_gmt":"2021-01-20T16:16:53","slug":"servicios","status":"publish","type":"page","link":"https:\/\/ffperitaciones.com\/index.php\/servicios\/","title":{"rendered":"Servicios"},"content":{"rendered":"<p>[et_pb_section fb_built=\u00bb1&#8243; _builder_version=\u00bb4.7.7&#8243; _module_preset=\u00bbdefault\u00bb background_image=\u00bbhttp:\/\/ffperitaciones.com\/wp-content\/uploads\/2021\/01\/Foto-Servicios.jpg\u00bb custom_padding=\u00bb128px||143px|||\u00bb][et_pb_row _builder_version=\u00bb4.7.7&#8243; _module_preset=\u00bbdefault\u00bb transform_translate=\u00bb-11px|126px\u00bb][et_pb_column type=\u00bb4_4&#8243; _builder_version=\u00bb4.7.4&#8243; _module_preset=\u00bbdefault\u00bb][et_pb_text _builder_version=\u00bb4.7.7&#8243; _module_preset=\u00bbdefault\u00bb header_text_color=\u00bb#ddc000&#8243; header_font_size=\u00bb57px\u00bb background_color=\u00bbrgba(255,255,255,0.61)\u00bb max_width=\u00bb32%\u00bb custom_padding=\u00bb|25px||25px|false|true\u00bb header_text_shadow_style=\u00bbpreset1&#8243;]<\/p>\n<h1>SERVICIOS<\/h1>\n<p>[\/et_pb_text][\/et_pb_column][\/et_pb_row][\/et_pb_section][et_pb_section fb_built=\u00bb1&#8243; _builder_version=\u00bb4.7.4&#8243; _module_preset=\u00bbdefault\u00bb custom_padding=\u00bb20px||13px|||\u00bb][et_pb_row _builder_version=\u00bb4.7.4&#8243; _module_preset=\u00bbdefault\u00bb][et_pb_column type=\u00bb4_4&#8243; _builder_version=\u00bb4.7.4&#8243; _module_preset=\u00bbdefault\u00bb][et_pb_text _builder_version=\u00bb4.7.7&#8243; _module_preset=\u00bbdefault\u00bb header_text_align=\u00bbcenter\u00bb]<\/p>\n<h1>Tasaciones oficiales<\/h1>\n<p>[\/et_pb_text][et_pb_divider color=\u00bb#0c71c3&#8243; divider_weight=\u00bb2px\u00bb _builder_version=\u00bb4.7.4&#8243; _module_preset=\u00bbdefault\u00bb width=\u00bb20%\u00bb module_alignment=\u00bbcenter\u00bb][\/et_pb_divider][\/et_pb_column][\/et_pb_row][et_pb_row column_structure=\u00bb2_5,3_5&#8243; _builder_version=\u00bb4.7.4&#8243; _module_preset=\u00bbdefault\u00bb][et_pb_column type=\u00bb2_5&#8243; _builder_version=\u00bb4.7.4&#8243; _module_preset=\u00bbdefault\u00bb][et_pb_image src=\u00bbhttp:\/\/ffperitaciones.com\/wp-content\/uploads\/2021\/01\/tasacion-hipotecaria-1.jpg\u00bb title_text=\u00bbtasacion-hipotecaria (1)\u00bb _builder_version=\u00bb4.7.7&#8243; _module_preset=\u00bbdefault\u00bb border_width_all=\u00bb4px\u00bb border_color_all=\u00bb#d6d6d6&#8243; filter_saturate__hover_enabled=\u00bbon|hover\u00bb filter_saturate__hover=\u00bb0%\u00bb border_color_all__hover_enabled=\u00bbon|desktop\u00bb border_color_all__hover=\u00bb#727272&#8243;][\/et_pb_image][\/et_pb_column][et_pb_column type=\u00bb3_5&#8243; _builder_version=\u00bb4.7.4&#8243; _module_preset=\u00bbdefault\u00bb][et_pb_text _builder_version=\u00bb4.7.7&#8243; _module_preset=\u00bbdefault\u00bb]<\/p>\n<h2>Tasaciones Hipotecarias<\/h2>\n<p>[\/et_pb_text][et_pb_text _builder_version=\u00bb4.7.7&#8243; _module_preset=\u00bbdefault\u00bb hover_enabled=\u00bb0&#8243; sticky_enabled=\u00bb0&#8243;]<\/p>\n<p>Una\u00a0<strong>tasaci\u00f3n hipotecaria<\/strong>\u00a0es una valoraci\u00f3n de un inmueble para que el mismo sea objeto de garant\u00eda en un pr\u00e9stamo\u00a0<strong>hipotecario<\/strong>. A trav\u00e9s de esta valoraci\u00f3n el prestamista, normalmente una entidad financiera, sabe cu\u00e1l es el valor del bien garant\u00eda del pr\u00e9stamo y cu\u00e1l es el riesgo que asume con la operaci\u00f3n\u00a0<strong>hipotecaria<\/strong>.<\/p>\n<p>[\/et_pb_text][\/et_pb_column][\/et_pb_row][et_pb_row column_structure=\u00bb2_5,3_5&#8243; _builder_version=\u00bb4.7.4&#8243; _module_preset=\u00bbdefault\u00bb][et_pb_column type=\u00bb2_5&#8243; _builder_version=\u00bb4.7.4&#8243; _module_preset=\u00bbdefault\u00bb][et_pb_image src=\u00bbhttp:\/\/ffperitaciones.com\/wp-content\/uploads\/2021\/01\/tasacion-de-viviendas-2-1.jpg\u00bb title_text=\u00bbtasacion-de-viviendas (2) (1)\u00bb _builder_version=\u00bb4.7.7&#8243; _module_preset=\u00bbdefault\u00bb border_width_all=\u00bb4px\u00bb border_color_all=\u00bb#d6d6d6&#8243; border_color_all__hover=\u00bb#727272&#8243; border_color_all__hover_enabled=\u00bbon|desktop\u00bb filter_saturate__hover=\u00bb0%\u00bb filter_saturate__hover_enabled=\u00bbon|hover\u00bb][\/et_pb_image][\/et_pb_column][et_pb_column type=\u00bb3_5&#8243; _builder_version=\u00bb4.7.4&#8243; _module_preset=\u00bbdefault\u00bb][et_pb_text _builder_version=\u00bb4.7.7&#8243; _module_preset=\u00bbdefault\u00bb hover_enabled=\u00bb0&#8243; sticky_enabled=\u00bb0&#8243;]<\/p>\n<h2>Tasaciones oficiales de Viviendas<\/h2>\n<p>[\/et_pb_text][et_pb_text _builder_version=\u00bb4.7.7&#8243; _module_preset=\u00bbdefault\u00bb hover_enabled=\u00bb0&#8243; sticky_enabled=\u00bb0&#8243;]<\/p>\n<p>La\u00a0<strong>tasaci\u00f3n<\/strong>\u00a0es un documento legal que certifica el valor del inmueble para una finalidad descrita. Est\u00e1 realizado con una metodolog\u00eda en una normativa legal. La valoraci\u00f3n es un documento que establece el valor orientativo de un inmueble mediante la aplicaci\u00f3n de diversos m\u00e9todos de valoraci\u00f3n.<\/p>\n<p>[\/et_pb_text][\/et_pb_column][\/et_pb_row][et_pb_row column_structure=\u00bb2_5,3_5&#8243; _builder_version=\u00bb4.7.4&#8243; _module_preset=\u00bbdefault\u00bb][et_pb_column type=\u00bb2_5&#8243; _builder_version=\u00bb4.7.4&#8243; _module_preset=\u00bbdefault\u00bb][et_pb_image src=\u00bbhttp:\/\/ffperitaciones.com\/wp-content\/uploads\/2021\/01\/tasacion-obra-nueva.jpg\u00bb title_text=\u00bbtasacion-obra-nueva\u00bb _builder_version=\u00bb4.7.7&#8243; _module_preset=\u00bbdefault\u00bb border_width_all=\u00bb4px\u00bb border_color_all=\u00bb#d6d6d6&#8243; border_color_all__hover=\u00bb#727272&#8243; border_color_all__hover_enabled=\u00bbon|desktop\u00bb filter_saturate__hover=\u00bb0%\u00bb filter_saturate__hover_enabled=\u00bbon|hover\u00bb][\/et_pb_image][\/et_pb_column][et_pb_column type=\u00bb3_5&#8243; _builder_version=\u00bb4.7.4&#8243; _module_preset=\u00bbdefault\u00bb][et_pb_text _builder_version=\u00bb4.7.7&#8243; _module_preset=\u00bbdefault\u00bb]<\/p>\n<h2>Tasaciones de Obra nueva<\/h2>\n<p>[\/et_pb_text][et_pb_text _builder_version=\u00bb4.7.7&#8243; _module_preset=\u00bbdefault\u00bb hover_enabled=\u00bb0&#8243; sticky_enabled=\u00bb0&#8243;]<\/p>\n<p>Si en una vivienda de obra nueva decides no subrogarte al promotor y quieres tasar la vivienda para evaluar otras opciones bancarias, deja la tasaci\u00f3n en nuestras manos.<\/p>\n<p>[\/et_pb_text][\/et_pb_column][\/et_pb_row][et_pb_row column_structure=\u00bb2_5,3_5&#8243; _builder_version=\u00bb4.7.4&#8243; _module_preset=\u00bbdefault\u00bb][et_pb_column type=\u00bb2_5&#8243; _builder_version=\u00bb4.7.4&#8243; _module_preset=\u00bbdefault\u00bb][et_pb_image src=\u00bbhttp:\/\/ffperitaciones.com\/wp-content\/uploads\/2021\/01\/tasacion-locales-comerciales.jpg\u00bb title_text=\u00bbtasacion-locales-comerciales\u00bb _builder_version=\u00bb4.7.7&#8243; _module_preset=\u00bbdefault\u00bb border_width_all=\u00bb4px\u00bb border_color_all=\u00bb#d6d6d6&#8243; border_color_all__hover=\u00bb#727272&#8243; border_color_all__hover_enabled=\u00bbon|desktop\u00bb filter_saturate__hover=\u00bb0%\u00bb filter_saturate__hover_enabled=\u00bbon|hover\u00bb][\/et_pb_image][\/et_pb_column][et_pb_column type=\u00bb3_5&#8243; _builder_version=\u00bb4.7.4&#8243; _module_preset=\u00bbdefault\u00bb][et_pb_text _builder_version=\u00bb4.7.7&#8243; _module_preset=\u00bbdefault\u00bb]<\/p>\n<h2>Tasaciones de Locales comerciales<\/h2>\n<p>[\/et_pb_text][et_pb_text _builder_version=\u00bb4.7.7&#8243; _module_preset=\u00bbdefault\u00bb hover_enabled=\u00bb0&#8243; sticky_enabled=\u00bb0&#8243;]<\/p>\n<p>\u00bfNecesitas comprar o vender un local y quieres tener una valoraci\u00f3n hecha por profesionales?<\/p>\n<p>[\/et_pb_text][\/et_pb_column][\/et_pb_row][et_pb_row column_structure=\u00bb2_5,3_5&#8243; _builder_version=\u00bb4.7.4&#8243; _module_preset=\u00bbdefault\u00bb][et_pb_column type=\u00bb2_5&#8243; _builder_version=\u00bb4.7.4&#8243; _module_preset=\u00bbdefault\u00bb][et_pb_image src=\u00bbhttp:\/\/ffperitaciones.com\/wp-content\/uploads\/2021\/01\/tasacion-solares.jpg\u00bb title_text=\u00bbtasacion-solares\u00bb _builder_version=\u00bb4.7.7&#8243; _module_preset=\u00bbdefault\u00bb border_width_all=\u00bb4px\u00bb border_color_all=\u00bb#d6d6d6&#8243; border_color_all__hover=\u00bb#727272&#8243; border_color_all__hover_enabled=\u00bbon|desktop\u00bb filter_saturate__hover=\u00bb0%\u00bb filter_saturate__hover_enabled=\u00bbon|hover\u00bb][\/et_pb_image][\/et_pb_column][et_pb_column type=\u00bb3_5&#8243; _builder_version=\u00bb4.7.4&#8243; _module_preset=\u00bbdefault\u00bb][et_pb_text _builder_version=\u00bb4.7.7&#8243; _module_preset=\u00bbdefault\u00bb]<\/p>\n<h2>Tasaciones de solares<\/h2>\n<p>[\/et_pb_text][et_pb_text _builder_version=\u00bb4.7.7&#8243; _module_preset=\u00bbdefault\u00bb hover_enabled=\u00bb0&#8243; sticky_enabled=\u00bb0&#8243;]<\/p>\n<p>Realizamos informes de valoraci\u00f3n basados en la viabilidad econ\u00f3mica de solares y suelos urbanos y de esta forma establecemos el valor real de los mismos y sus posibilidades de comercializaci\u00f3n. Analizamos diversas hip\u00f3tesis de valor dependiendo del precio futuro del inmueble, del plazo de ejecuci\u00f3n de las obras y del desarrollo de planeamiento y de la variaci\u00f3n del tipo de actualizaci\u00f3n, mediante un an\u00e1lisis de sensibilidad detallado en funci\u00f3n del beneficio del promotor.<\/p>\n<p>[\/et_pb_text][\/et_pb_column][\/et_pb_row][et_pb_row column_structure=\u00bb2_5,3_5&#8243; _builder_version=\u00bb4.7.4&#8243; _module_preset=\u00bbdefault\u00bb][et_pb_column type=\u00bb2_5&#8243; _builder_version=\u00bb4.7.4&#8243; _module_preset=\u00bbdefault\u00bb][et_pb_image src=\u00bbhttp:\/\/ffperitaciones.com\/wp-content\/uploads\/2021\/01\/modern-industrial-factory-for-the-production-of-steel-machinery-interior-and-equipment-of-the-production-hall-1.jpg\u00bb title_text=\u00bbmodern-industrial-factory-for-the-production-of-steel-machinery-interior-and-equipment-of-the-production-hall (1)\u00bb _builder_version=\u00bb4.7.7&#8243; _module_preset=\u00bbdefault\u00bb border_width_all=\u00bb4px\u00bb border_color_all=\u00bb#d6d6d6&#8243; border_color_all__hover=\u00bb#727272&#8243; border_color_all__hover_enabled=\u00bbon|desktop\u00bb filter_saturate__hover=\u00bb0%\u00bb filter_saturate__hover_enabled=\u00bbon|hover\u00bb][\/et_pb_image][\/et_pb_column][et_pb_column type=\u00bb3_5&#8243; _builder_version=\u00bb4.7.4&#8243; _module_preset=\u00bbdefault\u00bb][et_pb_text _builder_version=\u00bb4.7.7&#8243; _module_preset=\u00bbdefault\u00bb]<\/p>\n<h2>Tasaciones de Naves industriales<\/h2>\n<p>[\/et_pb_text][et_pb_text _builder_version=\u00bb4.7.7&#8243; _module_preset=\u00bbdefault\u00bb hover_enabled=\u00bb0&#8243; sticky_enabled=\u00bb0&#8243;]<\/p>\n<p>La\u00a0<strong>tasaci\u00f3n<\/strong>\u00a0de una\u00a0<strong>nave industrial<\/strong>\u00a0consiste en determinar qu\u00e9 precio tienen este tipo de inmuebles en el mercado seg\u00fan la oferta y la demanda. &#8230; Si por el contrario est\u00e1s pensando en adquirir una\u00a0<strong>nave industrial<\/strong>\u00a0o una\u00a0<strong>nave<\/strong>\u00a0agr\u00edcola, una\u00a0<strong>tasaci\u00f3n<\/strong>\u00a0puede orientarte de manera muy fiable sobre su valor real en el mercado.<\/p>\n<p>[\/et_pb_text][\/et_pb_column][\/et_pb_row][et_pb_row column_structure=\u00bb2_5,3_5&#8243; _builder_version=\u00bb4.7.4&#8243; _module_preset=\u00bbdefault\u00bb][et_pb_column type=\u00bb2_5&#8243; _builder_version=\u00bb4.7.4&#8243; _module_preset=\u00bbdefault\u00bb][et_pb_image src=\u00bbhttp:\/\/ffperitaciones.com\/wp-content\/uploads\/2021\/01\/single-ship-in-large-beautiful-green-field-with-hills-and-beautiful-sky-1.jpg\u00bb title_text=\u00bbsingle-ship-in-large-beautiful-green-field-with-hills-and-beautiful-sky (1)\u00bb _builder_version=\u00bb4.7.7&#8243; _module_preset=\u00bbdefault\u00bb border_width_all=\u00bb4px\u00bb border_color_all=\u00bb#d6d6d6&#8243; border_color_all__hover=\u00bb#727272&#8243; border_color_all__hover_enabled=\u00bbon|desktop\u00bb filter_saturate__hover=\u00bb0%\u00bb filter_saturate__hover_enabled=\u00bbon|hover\u00bb][\/et_pb_image][\/et_pb_column][et_pb_column type=\u00bb3_5&#8243; _builder_version=\u00bb4.7.4&#8243; _module_preset=\u00bbdefault\u00bb][et_pb_text _builder_version=\u00bb4.7.7&#8243; _module_preset=\u00bbdefault\u00bb]<\/p>\n<h2>Tasaciones de Fincas rusticas<\/h2>\n<p>[\/et_pb_text][et_pb_text _builder_version=\u00bb4.7.7&#8243; _module_preset=\u00bbdefault\u00bb hover_enabled=\u00bb0&#8243; sticky_enabled=\u00bb0&#8243;]<\/p>\n<p>La tasaci\u00f3n de fincas r\u00fasticas es la determinaci\u00f3n del valor de mercado de terrenos r\u00fasticos. &#8230; Para lo que es necesario un perito homologado eval\u00fae todos los aspectos que pueden afectar al valor, a la vez que cumplir todos los requisitos legales de este tipo de informes.<\/p>\n<p>[\/et_pb_text][\/et_pb_column][\/et_pb_row][et_pb_row column_structure=\u00bb2_5,3_5&#8243; _builder_version=\u00bb4.7.4&#8243; _module_preset=\u00bbdefault\u00bb][et_pb_column type=\u00bb2_5&#8243; _builder_version=\u00bb4.7.4&#8243; _module_preset=\u00bbdefault\u00bb][et_pb_image src=\u00bbhttp:\/\/ffperitaciones.com\/wp-content\/uploads\/2021\/01\/tasaciones-judiciales-1.jpg\u00bb title_text=\u00bbtasaciones-judiciales (1)\u00bb _builder_version=\u00bb4.7.7&#8243; _module_preset=\u00bbdefault\u00bb border_width_all=\u00bb4px\u00bb border_color_all=\u00bb#d6d6d6&#8243; border_color_all__hover=\u00bb#727272&#8243; border_color_all__hover_enabled=\u00bbon|desktop\u00bb filter_saturate__hover=\u00bb0%\u00bb filter_saturate__hover_enabled=\u00bbon|hover\u00bb][\/et_pb_image][\/et_pb_column][et_pb_column type=\u00bb3_5&#8243; _builder_version=\u00bb4.7.4&#8243; _module_preset=\u00bbdefault\u00bb][et_pb_text _builder_version=\u00bb4.7.7&#8243; _module_preset=\u00bbdefault\u00bb hover_enabled=\u00bb0&#8243; sticky_enabled=\u00bb0&#8243;]<\/p>\n<h2>Tasaciones Judiciales (Herencias y Divorcios)<\/h2>\n<p>[\/et_pb_text][et_pb_text _builder_version=\u00bb4.7.7&#8243; _module_preset=\u00bbdefault\u00bb hover_enabled=\u00bb0&#8243; sticky_enabled=\u00bb0&#8243;]<\/p>\n<p>Las tasaciones son siempre \u00bb informes periciales\u00bb. Se pueden utilizar en un procedimiento judicial de cualquier materia (civil, penal, etc.)\u00a0 a instancia de parte o a instancia del tribunal. Cualquier tasador habilitado puede actuar a instancia de parte solo los tasadores que a trav\u00e9s de asociaciones o colegios profesionales se han inscrito en las listas judiciales pueden actuar a instancia del tribunal. Nosotros estamos inscritos en la mayor parte de Andaluc\u00eda en esas listas judiciales.<\/p>\n<p>[\/et_pb_text][\/et_pb_column][\/et_pb_row][et_pb_row column_structure=\u00bb2_5,3_5&#8243; _builder_version=\u00bb4.7.4&#8243; _module_preset=\u00bbdefault\u00bb][et_pb_column type=\u00bb2_5&#8243; _builder_version=\u00bb4.7.4&#8243; _module_preset=\u00bbdefault\u00bb][et_pb_image src=\u00bbhttp:\/\/ffperitaciones.com\/wp-content\/uploads\/2021\/01\/tasacion-judicial-contradictoria-1.jpg\u00bb title_text=\u00bbtasacion-judicial-contradictoria (1)\u00bb _builder_version=\u00bb4.7.7&#8243; _module_preset=\u00bbdefault\u00bb border_width_all=\u00bb4px\u00bb border_color_all=\u00bb#d6d6d6&#8243; border_color_all__hover=\u00bb#727272&#8243; border_color_all__hover_enabled=\u00bbon|desktop\u00bb filter_saturate__hover=\u00bb0%\u00bb filter_saturate__hover_enabled=\u00bbon|hover\u00bb][\/et_pb_image][\/et_pb_column][et_pb_column type=\u00bb3_5&#8243; _builder_version=\u00bb4.7.4&#8243; _module_preset=\u00bbdefault\u00bb][et_pb_text _builder_version=\u00bb4.7.7&#8243; _module_preset=\u00bbdefault\u00bb]<\/p>\n<h2>Tasaci\u00f3n Pericial contradictoria<\/h2>\n<p>[\/et_pb_text][et_pb_text _builder_version=\u00bb4.7.7&#8243; _module_preset=\u00bbdefault\u00bb hover_enabled=\u00bb0&#8243; sticky_enabled=\u00bb0&#8243;]<\/p>\n<p>La tasaci\u00f3n pericial contradictoria es un procedimiento que pueden promover las personas interesadas cu\u00e1ndo no est\u00e1n de acuerdo con los valores propuestos por la Administraci\u00f3n.\u00a0<\/p>\n<p>Se utiliza para intentar corregir esta valoraci\u00f3n. El obligado tributario tiene derecho a presentar una nueva tasaci\u00f3n realizada por un segundo perito e iniciar la tasaci\u00f3n pericial contradictoria.<\/p>\n<p>[\/et_pb_text][\/et_pb_column][\/et_pb_row][et_pb_row column_structure=\u00bb2_5,3_5&#8243; _builder_version=\u00bb4.7.4&#8243; _module_preset=\u00bbdefault\u00bb][et_pb_column type=\u00bb2_5&#8243; _builder_version=\u00bb4.7.4&#8243; _module_preset=\u00bbdefault\u00bb][et_pb_image src=\u00bbhttp:\/\/ffperitaciones.com\/wp-content\/uploads\/2021\/01\/tasacion-plusvalia-1.jpg\u00bb title_text=\u00bbtasacion-plusvalia (1)\u00bb _builder_version=\u00bb4.7.7&#8243; _module_preset=\u00bbdefault\u00bb border_width_all=\u00bb4px\u00bb border_color_all=\u00bb#d6d6d6&#8243; border_color_all__hover=\u00bb#727272&#8243; border_color_all__hover_enabled=\u00bbon|desktop\u00bb filter_saturate__hover=\u00bb0%\u00bb filter_saturate__hover_enabled=\u00bbon|hover\u00bb][\/et_pb_image][\/et_pb_column][et_pb_column type=\u00bb3_5&#8243; _builder_version=\u00bb4.7.4&#8243; _module_preset=\u00bbdefault\u00bb][et_pb_text _builder_version=\u00bb4.7.7&#8243; _module_preset=\u00bbdefault\u00bb]<\/p>\n<h2>Tasaci\u00f3n Plusval\u00eda<\/h2>\n<p>[\/et_pb_text][et_pb_text _builder_version=\u00bb4.7.7&#8243; _module_preset=\u00bbdefault\u00bb hover_enabled=\u00bb0&#8243; sticky_enabled=\u00bb0&#8243;]<\/p>\n<p>\u00bfHa recibido una notificaci\u00f3n para el pago del impuesto sobre el incremento de valor de los terrenos de naturaleza urbana?<\/p>\n<p>Conf\u00ede en nuestro servicio de tasaci\u00f3n de plusval\u00eda para declarar nulo este pago y valoraremos su caso de forma objetiva y profesional.<\/p>\n<p>En esta tasaci\u00f3n de plusval\u00eda se estudia el valor del inmueble en la fecha de compra y el valor en fecha de venta, reflejando un estudio sobre el incremento o p\u00e9rdida patrimonial y fundamentada en estudios del precio de los inmuebles durante las fechas que se producen ambas transacciones.<\/p>\n<p>[\/et_pb_text][\/et_pb_column][\/et_pb_row][et_pb_row column_structure=\u00bb2_5,3_5&#8243; _builder_version=\u00bb4.7.4&#8243; _module_preset=\u00bbdefault\u00bb][et_pb_column type=\u00bb2_5&#8243; _builder_version=\u00bb4.7.4&#8243; _module_preset=\u00bbdefault\u00bb][et_pb_image src=\u00bbhttp:\/\/ffperitaciones.com\/wp-content\/uploads\/2021\/01\/tasacion-expropiatoria-1.jpg\u00bb title_text=\u00bbtasacion-expropiatoria (1)\u00bb _builder_version=\u00bb4.7.7&#8243; _module_preset=\u00bbdefault\u00bb border_width_all=\u00bb4px\u00bb border_color_all=\u00bb#d6d6d6&#8243; border_color_all__hover=\u00bb#727272&#8243; border_color_all__hover_enabled=\u00bbon|desktop\u00bb filter_saturate__hover=\u00bb0%\u00bb filter_saturate__hover_enabled=\u00bbon|hover\u00bb][\/et_pb_image][\/et_pb_column][et_pb_column type=\u00bb3_5&#8243; _builder_version=\u00bb4.7.4&#8243; _module_preset=\u00bbdefault\u00bb][et_pb_text _builder_version=\u00bb4.7.7&#8243; _module_preset=\u00bbdefault\u00bb]<\/p>\n<h2>Tasaci\u00f3n Expropiatoria<\/h2>\n<p>[\/et_pb_text][et_pb_text _builder_version=\u00bb4.7.7&#8243; _module_preset=\u00bbdefault\u00bb hover_enabled=\u00bb0&#8243; sticky_enabled=\u00bb0&#8243;]<\/p>\n<p>Es un informe de valoraci\u00f3n cuyo objetivo es evaluar el justiprecio que debemos pagar por un determinado bien.<\/p>\n<p>En el momento en el que la Administraci\u00f3n y la persona expropiada no llegan a un acuerdo, un jurado expropiatorio fija un justiprecio.\u00a0 \u00a0 \u00a0 \u00a0 \u00a0 \u00a0 \u00a0 \u00a0 \u00a0 \u00a0 \u00a0 \u00a0 \u00a0 \u00a0 \u00a0 \u00a0 \u00a0 \u00a0 \u00a0 \u00a0 \u00a0 \u00a0 \u00a0 \u00a0 \u00a0 \u00a0 \u00a0 \u00a0 \u00a0<\/p>\n<p>Si este justiprecio no es acorde a lo que la persona expropiada desea, se puede iniciar la v\u00eda de la tasaci\u00f3n expropiatoria. Para ello estaremos a vuestra disposion.<\/p>\n<p>[\/et_pb_text][\/et_pb_column][\/et_pb_row][\/et_pb_section][et_pb_section fb_built=\u00bb1&#8243; _builder_version=\u00bb4.7.7&#8243; _module_preset=\u00bbdefault\u00bb background_color=\u00bbrgba(239,239,239,0.34)\u00bb custom_padding=\u00bb31px||10px|||\u00bb][et_pb_row _builder_version=\u00bb4.7.7&#8243; _module_preset=\u00bbdefault\u00bb custom_padding=\u00bb||8px|||\u00bb][et_pb_column type=\u00bb4_4&#8243; _builder_version=\u00bb4.7.7&#8243; _module_preset=\u00bbdefault\u00bb][et_pb_image src=\u00bbhttp:\/\/ffperitaciones.com\/wp-content\/uploads\/2021\/01\/stay-home-concept-wooden-table-side-view-hand-holding-wooden-cube-1.jpg\u00bb title_text=\u00bbstay-home-concept-wooden-table-side-view-hand-holding-wooden-cube (1)\u00bb align=\u00bbcenter\u00bb _builder_version=\u00bb4.7.7&#8243; _module_preset=\u00bbdefault\u00bb custom_margin=\u00bb||27px|||\u00bb][\/et_pb_image][et_pb_text _builder_version=\u00bb4.7.7&#8243; _module_preset=\u00bbdefault\u00bb text_text_color=\u00bb#ffffff\u00bb header_text_align=\u00bbcenter\u00bb header_text_color=\u00bb#ffffff\u00bb background_color=\u00bbrgba(255,255,255,0.29)\u00bb custom_margin=\u00bb-67px||||false|false\u00bb custom_margin_tablet=\u00bb-19px||||false|false\u00bb custom_margin_phone=\u00bb-16px||||false|false\u00bb custom_margin_last_edited=\u00bbon|desktop\u00bb custom_padding=\u00bb0px||||false|false\u00bb]<\/p>\n<h1>Preguntas frecuentes antes de la contrataci\u00f3n de una tasaci\u00f3n!!!<\/h1>\n<p>[\/et_pb_text][\/et_pb_column][\/et_pb_row][\/et_pb_section][et_pb_section fb_built=\u00bb1&#8243; _builder_version=\u00bb4.7.7&#8243; _module_preset=\u00bbdefault\u00bb background_color=\u00bbrgba(239,239,239,0.34)\u00bb custom_padding=\u00bb2px|||||\u00bb][et_pb_row _builder_version=\u00bb4.7.7&#8243; _module_preset=\u00bbdefault\u00bb custom_padding=\u00bb4px|||||\u00bb][et_pb_column type=\u00bb4_4&#8243; _builder_version=\u00bb4.7.7&#8243; _module_preset=\u00bbdefault\u00bb][et_pb_accordion icon_color=\u00bb#edb949&#8243; use_icon_font_size=\u00bbon\u00bb _builder_version=\u00bb4.7.7&#8243; _module_preset=\u00bbdefault\u00bb][et_pb_accordion_item title=\u00bbQue es una tasaci\u00f3n oficial?\u00bb open=\u00bbon\u00bb _builder_version=\u00bb4.7.7&#8243; _module_preset=\u00bbdefault\u00bb]<\/p>\n<p>Una\u00a0<strong>tasaci\u00f3n oficial<\/strong>\u00a0es un documento legal realizado por un organismo homologado y aprobado por el Banco de Espa\u00f1a que determina el valor real de tasaci\u00f3n del inmueble.<\/p>\n<p>[\/et_pb_accordion_item][et_pb_accordion_item title=\u00bbCuanto tiempo es valida una tasaci\u00f3n?\u00bb _builder_version=\u00bb4.7.7&#8243; _module_preset=\u00bbdefault\u00bb open=\u00bboff\u00bb]<\/p>\n<p>Una tasaci\u00f3n tiene una duraci\u00f3n de hasta 6 meses desde que se produjo el informe, pero puede variar en funci\u00f3n de las circunstancias.<\/p>\n<p>.<\/p>\n<p>[\/et_pb_accordion_item][et_pb_accordion_item title=\u00bbQue debemos hacer para que una tasaci\u00f3n sea homologada?\u00bb _builder_version=\u00bb4.7.7&#8243; _module_preset=\u00bbdefault\u00bb open=\u00bboff\u00bb]<\/p>\n<p>Lo primero es la visita de uno de nuestros peritos tasadores altamente cualificados<\/p>\n<p>Realizar un plano con todas las medidas de cada estancia de la vivienda y fotograf\u00edas de la misma.<\/p>\n<p>Se debe adjuntar 6 testigos de tasaciones u ofertas reales en el documento de tasaci\u00f3n.<\/p>\n<p>Nota simple de la vivienda<\/p>\n<p>Asegurarse que la vivienda a tasar no tenga ninguna ilegalidad urban\u00edstica y hacer las comprobaciones que sean necesarias.<\/p>\n<p>.<\/p>\n<p>[\/et_pb_accordion_item][et_pb_accordion_item title=\u00bbDocumentos Necesarios\u00bb _builder_version=\u00bb4.7.7&#8243; _module_preset=\u00bbdefault\u00bb open=\u00bboff\u00bb]<\/p>\n<p>Escritura de la propiedad o Nota Simple ( 3 meses m\u00e1ximo de antig\u00fcedad)<\/p>\n<p>Referencia catastral<\/p>\n<p>En el caso de inmuebles arrendados, el ultimo recibo de renta y el contrato de alquiler.<\/p>\n<p>Si el inmueble esta en proyecto de construcci\u00f3n o rehabilitaci\u00f3n necesitaremos la correspondiente Licencia de obras.<\/p>\n<p>Alg\u00fan otro documento dependiendo de la tipolog\u00eda del mismo.<\/p>\n<p>.<\/p>\n<p>[\/et_pb_accordion_item][et_pb_accordion_item title=\u00bbSon las tasaciones realizadas por F &#038; F Peritaciones son admitidas por todos los bancos y entidades financieras?\u00bb _builder_version=\u00bb4.7.7&#8243; _module_preset=\u00bbdefault\u00bb open=\u00bboff\u00bb]<\/p>\n<p>La respuesta es SI , ya que en caso de tasaciones con finalidad hipotecaria, colaboramos con muchas sociedades de tasaci\u00f3n homologadas para poder ofrecer dicho servicio, por eso cualquier entidad financiera debe de aceptar una tasaci\u00f3n o valoraci\u00f3n inmobiliaria de nuestra empresa.<\/p>\n<p>.<\/p>\n<p>[\/et_pb_accordion_item][et_pb_accordion_item title=\u00bbQue ayuda tendr\u00e9 de F &#038; F Peritaciones?\u00bb _builder_version=\u00bb4.7.7&#8243; _module_preset=\u00bbdefault\u00bb open=\u00bboff\u00bb]<\/p>\n<p>Nuestra primera prioridad es resolver las necesidades de nuestros clientes, y resolver hasta el ultimo problema que surja.<\/p>\n<p>Nuestro objetivo no solo es el servicio de valoraci\u00f3n sino asesorar a nuestro cliente de la mejor manera posible.<\/p>\n<p>.<\/p>\n<p>[\/et_pb_accordion_item][\/et_pb_accordion][\/et_pb_column][\/et_pb_row][\/et_pb_section]<\/p>\n","protected":false},"excerpt":{"rendered":"<p>SERVICIOSTasaciones oficialesTasaciones HipotecariasUna\u00a0tasaci\u00f3n hipotecaria\u00a0es una valoraci\u00f3n de un inmueble para que el mismo sea objeto de garant\u00eda en un pr\u00e9stamo\u00a0hipotecario. A trav\u00e9s de esta valoraci\u00f3n el prestamista, normalmente una entidad financiera, sabe cu\u00e1l es el valor del bien garant\u00eda del pr\u00e9stamo y cu\u00e1l es el riesgo que asume con la operaci\u00f3n\u00a0hipotecaria. Tasaciones oficiales de ViviendasLa\u00a0tasaci\u00f3n\u00a0es [&hellip;]<\/p>\n","protected":false},"author":1,"featured_media":0,"parent":0,"menu_order":0,"comment_status":"closed","ping_status":"closed","template":"","meta":{"_et_pb_use_builder":"on","_et_pb_old_content":"","_et_gb_content_width":"","footnotes":""},"_links":{"self":[{"href":"https:\/\/ffperitaciones.com\/index.php\/wp-json\/wp\/v2\/pages\/40"}],"collection":[{"href":"https:\/\/ffperitaciones.com\/index.php\/wp-json\/wp\/v2\/pages"}],"about":[{"href":"https:\/\/ffperitaciones.com\/index.php\/wp-json\/wp\/v2\/types\/page"}],"author":[{"embeddable":true,"href":"https:\/\/ffperitaciones.com\/index.php\/wp-json\/wp\/v2\/users\/1"}],"replies":[{"embeddable":true,"href":"https:\/\/ffperitaciones.com\/index.php\/wp-json\/wp\/v2\/comments?post=40"}],"version-history":[{"count":23,"href":"https:\/\/ffperitaciones.com\/index.php\/wp-json\/wp\/v2\/pages\/40\/revisions"}],"predecessor-version":[{"id":183,"href":"https:\/\/ffperitaciones.com\/index.php\/wp-json\/wp\/v2\/pages\/40\/revisions\/183"}],"wp:attachment":[{"href":"https:\/\/ffperitaciones.com\/index.php\/wp-json\/wp\/v2\/media?parent=40"}],"curies":[{"name":"wp","href":"https:\/\/api.w.org\/{rel}","templated":true}]}}